{"id":20401,"date":"2016-11-17T15:17:05","date_gmt":"2016-11-17T15:17:05","guid":{"rendered":"http:\/\/wpresidence.net\/?page_id=20401"},"modified":"2016-11-17T15:17:05","modified_gmt":"2016-11-17T15:17:05","slug":"list-agents","status":"publish","type":"page","link":"https:\/\/dgv88.fr\/index.php\/list-agents\/","title":{"rendered":"List Agents shortcode"},"content":{"rendered":"<div class=\"wpb-content-wrapper\"><p>\t\t\t\t[vc_row][vc_column][vc_column_text]With \u00ab\u00a0List Agents\u00a0\u00bb shortcode you can create a list of your agents. There are several filtering methods available for this shortcode:<\/p>\n<ul>\n<li>by action category (ex: Agents specialized in Sales, Rent)<\/li>\n<li>by category (ex Agents specialized in houses, commercial etc)<\/li>\n<li>by city (ex Agents in New York)<\/li>\n<li>by area (ex Agents in Manhattan)<\/li>\n<li>you can randon order them<\/li>\n<\/ul>\n<p>Also you can pick the number of agents you want to display &#8211; in the example below we chose 3.[\/vc_column_text][\/vc_column][\/vc_row][vc_row full_width=\u00a0\u00bbstretch_row\u00a0\u00bb css=\u00a0\u00bb.vc_custom_1479395565993{padding-top: 30px !important;padding-bottom: 30px !important;}\u00a0\u00bb][vc_column]<div class=\"wpresidence_shortcode_listings_wrapper bottom-estate_agent nobutton row\"><div class=\"wpresidence_agent_unit_wrapper col-lg-4 col-12 col-sm-6 col-md-6 listing_wrapper \"> <div class=\"agent_unit\" data-link=\"https:\/\/dgv88.fr\/index.php\/agents\/dgv\/\"> <div class=\"agent-unit-img-wrapper\"> <img fetchpriority=\"high\" decoding=\"async\" width=\"525\" height=\"328\" src=\"https:\/\/dgv88.fr\/wp-content\/uploads\/2021\/09\/Capture-de\u0301cran-2021-09-30-a\u0300-23.26.36-525x328.png\" class=\"lazyload img-responsive wp-post-image\" alt=\"\" \/> <\/div> <h4><a href=\"https:\/\/dgv88.fr\/index.php\/agents\/dgv\/\">DGV<\/a><\/h4><div class=\"agent_position\">21 Chem. de Nayemont, 88400 G\u00e9rardmer<\/div><div class=\"agent_card_content\">DGV une soci\u00e9t\u00e9 Fran\u00e7aise des Hautes Vosges au service des locataires et des propri\u00e9taires <a href=\"https:\/\/dgv88.fr\/index.php\/agents\/dgv\/\" class=\"unit_more_x\">...<\/a><\/div> <div class=\"agent_unit_social agent_list\"> <div class=\"wpestate_agent_unit_social\"><a class=\"\" href=\"https:\/\/www.facebook.com\/LesGitesVosgiens\/\" target=\"_blank\" rel=\"noopener\" ><i class=\"fab fa-facebook-f\"><\/i><\/a><a class=\"\" href=\"https:\/\/www.instagram.com\/destinations_gites_vacances\/\" target=\"_blank\" rel=\"noopener\" ><i class=\"fab fa-instagram\"><\/i><\/a><\/div><div class=\"agent_unit_phone\"><a href=\"tel:+33 6 83 65 17 89\" rel=\"noopener\"><i class=\"fas fa-phone\"><\/i><\/a><\/div><div class=\"agent_unit_email\"><a href=\"mailto:&#99;&#111;n&#116;&#97;ct&#64;d&#103;v&#56;8&#46;f&#114;\" rel=\"noopener\"><i class=\"fas fa-envelope\"><\/i><\/a><\/div> <\/div> <\/div><\/div><\/div>[\/vc_column][\/vc_row]\t\t<\/p>\n<\/div>","protected":false},"excerpt":{"rendered":"<p>[vc_row][vc_column][vc_column_text]With \u00ab\u00a0List Agents\u00a0\u00bb shortcode you can create a list of your agents. There are several filtering methods available for this shortcode: by action category (ex: Agents specialized in Sales, Rent) by category (ex Agents specialized in houses, commercial etc) by city (ex Agents in New York) by area (ex Agents in Manhattan) you can randon order them Also you can pick the number of &#8230;<\/p>\n","protected":false},"author":1,"featured_media":0,"parent":0,"menu_order":0,"comment_status":"closed","ping_status":"closed","template":"","meta":{"inline_featured_image":false,"footnotes":""},"folder":[],"class_list":["post-20401","page","type-page","status-publish","hentry"],"yoast_head":"<!-- This site is optimized with the Yoast SEO plugin v26.4 - https:\/\/yoast.com\/wordpress\/plugins\/seo\/ -->\n<title>List Agents shortcode - DGV<\/title>\n<meta name=\"robots\" content=\"index, follow, max-snippet:-1, max-image-preview:large, max-video-preview:-1\" \/>\n<link rel=\"canonical\" href=\"https:\/\/dgv88.fr\/index.php\/list-agents\/\" \/>\n<meta property=\"og:locale\" content=\"fr_FR\" \/>\n<meta property=\"og:type\" content=\"article\" \/>\n<meta property=\"og:title\" content=\"List Agents shortcode - DGV\" \/>\n<meta property=\"og:description\" content=\"[vc_row][vc_column][vc_column_text]With \u00ab\u00a0List Agents\u00a0\u00bb shortcode you can create a list of your agents. There are several filtering methods available for this shortcode: by action category (ex: Agents specialized in Sales, Rent) by category (ex Agents specialized in houses, commercial etc) by city (ex Agents in New York) by area (ex Agents in Manhattan) you can randon order them Also you can pick the number of ...\" \/>\n<meta property=\"og:url\" content=\"https:\/\/dgv88.fr\/index.php\/list-agents\/\" \/>\n<meta property=\"og:site_name\" content=\"DGV\" \/>\n<meta property=\"article:publisher\" content=\"https:\/\/www.facebook.com\/LesGitesVosgiens\/\" \/>\n<meta property=\"og:image\" content=\"https:\/\/dgv88.fr\/wp-content\/uploads\/2021\/09\/14.1-2.jpg\" \/>\n\t<meta property=\"og:image:width\" content=\"2560\" \/>\n\t<meta property=\"og:image:height\" content=\"1920\" \/>\n\t<meta property=\"og:image:type\" content=\"image\/jpeg\" \/>\n<meta name=\"twitter:card\" content=\"summary_large_image\" \/>\n<meta name=\"twitter:label1\" content=\"Dur\u00e9e de lecture estim\u00e9e\" \/>\n\t<meta name=\"twitter:data1\" content=\"1 minute\" \/>\n<script type=\"application\/ld+json\" class=\"yoast-schema-graph\">{\"@context\":\"https:\/\/schema.org\",\"@graph\":[{\"@type\":\"WebPage\",\"@id\":\"https:\/\/dgv88.fr\/index.php\/list-agents\/\",\"url\":\"https:\/\/dgv88.fr\/index.php\/list-agents\/\",\"name\":\"List Agents shortcode - DGV\",\"isPartOf\":{\"@id\":\"https:\/\/dgv88.fr\/#website\"},\"datePublished\":\"2016-11-17T15:17:05+00:00\",\"breadcrumb\":{\"@id\":\"https:\/\/dgv88.fr\/index.php\/list-agents\/#breadcrumb\"},\"inLanguage\":\"fr-FR\",\"potentialAction\":[{\"@type\":\"ReadAction\",\"target\":[\"https:\/\/dgv88.fr\/index.php\/list-agents\/\"]}]},{\"@type\":\"BreadcrumbList\",\"@id\":\"https:\/\/dgv88.fr\/index.php\/list-agents\/#breadcrumb\",\"itemListElement\":[{\"@type\":\"ListItem\",\"position\":1,\"name\":\"Accueil\",\"item\":\"https:\/\/dgv88.fr\/\"},{\"@type\":\"ListItem\",\"position\":2,\"name\":\"List Agents shortcode\"}]},{\"@type\":\"WebSite\",\"@id\":\"https:\/\/dgv88.fr\/#website\",\"url\":\"https:\/\/dgv88.fr\/\",\"name\":\"DGV\",\"description\":\"Destinations G\u00eetes Vacances\",\"publisher\":{\"@id\":\"https:\/\/dgv88.fr\/#organization\"},\"potentialAction\":[{\"@type\":\"SearchAction\",\"target\":{\"@type\":\"EntryPoint\",\"urlTemplate\":\"https:\/\/dgv88.fr\/?s={search_term_string}\"},\"query-input\":{\"@type\":\"PropertyValueSpecification\",\"valueRequired\":true,\"valueName\":\"search_term_string\"}}],\"inLanguage\":\"fr-FR\"},{\"@type\":\"Organization\",\"@id\":\"https:\/\/dgv88.fr\/#organization\",\"name\":\"DGV\",\"url\":\"https:\/\/dgv88.fr\/\",\"logo\":{\"@type\":\"ImageObject\",\"inLanguage\":\"fr-FR\",\"@id\":\"https:\/\/dgv88.fr\/#\/schema\/logo\/image\/\",\"url\":\"https:\/\/dgv88.fr\/wp-content\/uploads\/2020\/11\/DVG-kaushan-blanc-e1605186699727.png\",\"contentUrl\":\"https:\/\/dgv88.fr\/wp-content\/uploads\/2020\/11\/DVG-kaushan-blanc-e1605186699727.png\",\"width\":2376,\"height\":1787,\"caption\":\"DGV\"},\"image\":{\"@id\":\"https:\/\/dgv88.fr\/#\/schema\/logo\/image\/\"},\"sameAs\":[\"https:\/\/www.facebook.com\/LesGitesVosgiens\/\",\"https:\/\/www.instagram.com\/destinations_gites_vacances\/\"]}]}<\/script>\n<!-- \/ Yoast SEO plugin. -->","yoast_head_json":{"title":"List Agents shortcode - DGV","robots":{"index":"index","follow":"follow","max-snippet":"max-snippet:-1","max-image-preview":"max-image-preview:large","max-video-preview":"max-video-preview:-1"},"canonical":"https:\/\/dgv88.fr\/index.php\/list-agents\/","og_locale":"fr_FR","og_type":"article","og_title":"List Agents shortcode - DGV","og_description":"[vc_row][vc_column][vc_column_text]With \u00ab\u00a0List Agents\u00a0\u00bb shortcode you can create a list of your agents. There are several filtering methods available for this shortcode: by action category (ex: Agents specialized in Sales, Rent) by category (ex Agents specialized in houses, commercial etc) by city (ex Agents in New York) by area (ex Agents in Manhattan) you can randon order them Also you can pick the number of ...","og_url":"https:\/\/dgv88.fr\/index.php\/list-agents\/","og_site_name":"DGV","article_publisher":"https:\/\/www.facebook.com\/LesGitesVosgiens\/","og_image":[{"width":2560,"height":1920,"url":"https:\/\/dgv88.fr\/wp-content\/uploads\/2021\/09\/14.1-2.jpg","type":"image\/jpeg"}],"twitter_card":"summary_large_image","twitter_misc":{"Dur\u00e9e de lecture estim\u00e9e":"1 minute"},"schema":{"@context":"https:\/\/schema.org","@graph":[{"@type":"WebPage","@id":"https:\/\/dgv88.fr\/index.php\/list-agents\/","url":"https:\/\/dgv88.fr\/index.php\/list-agents\/","name":"List Agents shortcode - DGV","isPartOf":{"@id":"https:\/\/dgv88.fr\/#website"},"datePublished":"2016-11-17T15:17:05+00:00","breadcrumb":{"@id":"https:\/\/dgv88.fr\/index.php\/list-agents\/#breadcrumb"},"inLanguage":"fr-FR","potentialAction":[{"@type":"ReadAction","target":["https:\/\/dgv88.fr\/index.php\/list-agents\/"]}]},{"@type":"BreadcrumbList","@id":"https:\/\/dgv88.fr\/index.php\/list-agents\/#breadcrumb","itemListElement":[{"@type":"ListItem","position":1,"name":"Accueil","item":"https:\/\/dgv88.fr\/"},{"@type":"ListItem","position":2,"name":"List Agents shortcode"}]},{"@type":"WebSite","@id":"https:\/\/dgv88.fr\/#website","url":"https:\/\/dgv88.fr\/","name":"DGV","description":"Destinations G\u00eetes Vacances","publisher":{"@id":"https:\/\/dgv88.fr\/#organization"},"potentialAction":[{"@type":"SearchAction","target":{"@type":"EntryPoint","urlTemplate":"https:\/\/dgv88.fr\/?s={search_term_string}"},"query-input":{"@type":"PropertyValueSpecification","valueRequired":true,"valueName":"search_term_string"}}],"inLanguage":"fr-FR"},{"@type":"Organization","@id":"https:\/\/dgv88.fr\/#organization","name":"DGV","url":"https:\/\/dgv88.fr\/","logo":{"@type":"ImageObject","inLanguage":"fr-FR","@id":"https:\/\/dgv88.fr\/#\/schema\/logo\/image\/","url":"https:\/\/dgv88.fr\/wp-content\/uploads\/2020\/11\/DVG-kaushan-blanc-e1605186699727.png","contentUrl":"https:\/\/dgv88.fr\/wp-content\/uploads\/2020\/11\/DVG-kaushan-blanc-e1605186699727.png","width":2376,"height":1787,"caption":"DGV"},"image":{"@id":"https:\/\/dgv88.fr\/#\/schema\/logo\/image\/"},"sameAs":["https:\/\/www.facebook.com\/LesGitesVosgiens\/","https:\/\/www.instagram.com\/destinations_gites_vacances\/"]}]}},"_links":{"self":[{"href":"https:\/\/dgv88.fr\/index.php\/wp-json\/wp\/v2\/pages\/20401","targetHints":{"allow":["GET"]}}],"collection":[{"href":"https:\/\/dgv88.fr\/index.php\/wp-json\/wp\/v2\/pages"}],"about":[{"href":"https:\/\/dgv88.fr\/index.php\/wp-json\/wp\/v2\/types\/page"}],"author":[{"embeddable":true,"href":"https:\/\/dgv88.fr\/index.php\/wp-json\/wp\/v2\/users\/1"}],"replies":[{"embeddable":true,"href":"https:\/\/dgv88.fr\/index.php\/wp-json\/wp\/v2\/comments?post=20401"}],"version-history":[{"count":0,"href":"https:\/\/dgv88.fr\/index.php\/wp-json\/wp\/v2\/pages\/20401\/revisions"}],"wp:attachment":[{"href":"https:\/\/dgv88.fr\/index.php\/wp-json\/wp\/v2\/media?parent=20401"}],"wp:term":[{"taxonomy":"folder","embeddable":true,"href":"https:\/\/dgv88.fr\/index.php\/wp-json\/wp\/v2\/folder?post=20401"}],"curies":[{"name":"wp","href":"https:\/\/api.w.org\/{rel}","templated":true}]}}