{"id":29090,"date":"2021-09-30T23:11:07","date_gmt":"2021-09-30T21:11:07","guid":{"rendered":"https:\/\/dgv88.fr\/?page_id=29090"},"modified":"2021-10-04T14:02:41","modified_gmt":"2021-10-04T12:02:41","slug":"demande-de-reservation","status":"publish","type":"page","link":"https:\/\/dgv88.fr\/index.php\/demande-de-reservation\/","title":{"rendered":"Qui Sommes-Nous ?"},"content":{"rendered":"\t\t<div data-elementor-type=\"wp-page\" data-elementor-id=\"29090\" class=\"elementor elementor-29090\" data-elementor-post-type=\"page\">\n\t\t\t\t\t\t<section class=\"elementor-section elementor-top-section elementor-element elementor-element-4bb9501 elementor-section-boxed elementor-section-height-default elementor-section-height-default\" data-id=\"4bb9501\" data-element_type=\"section\">\n\t\t\t\t\t\t<div class=\"elementor-container elementor-column-gap-default\">\n\t\t\t\t\t<div class=\"elementor-column elementor-col-16 elementor-top-column elementor-element elementor-element-5d4e037\" data-id=\"5d4e037\" data-element_type=\"column\">\n\t\t\t<div class=\"elementor-widget-wrap\">\n\t\t\t\t\t\t\t<\/div>\n\t\t<\/div>\n\t\t\t\t<div class=\"elementor-column elementor-col-66 elementor-top-column elementor-element elementor-element-243db66\" data-id=\"243db66\" data-element_type=\"column\">\n\t\t\t<div class=\"elementor-widget-wrap elementor-element-populated\">\n\t\t\t\t\t\t<div class=\"elementor-element elementor-element-9b03fc0 elementor-widget elementor-widget-spacer\" data-id=\"9b03fc0\" data-element_type=\"widget\" data-widget_type=\"spacer.default\">\n\t\t\t\t<div class=\"elementor-widget-container\">\n\t\t\t\t\t\t\t<div class=\"elementor-spacer\">\n\t\t\t<div class=\"elementor-spacer-inner\"><\/div>\n\t\t<\/div>\n\t\t\t\t\t\t<\/div>\n\t\t\t\t<\/div>\n\t\t\t\t<div class=\"elementor-element elementor-element-21f8cf2 elementor-widget elementor-widget-text-editor\" data-id=\"21f8cf2\" data-element_type=\"widget\" data-widget_type=\"text-editor.default\">\n\t\t\t\t<div class=\"elementor-widget-container\">\n\t\t\t\t\t\t\t\t\t<p>Nous sommes un couple de quinquag\u00e9naires habitant dans les Hautes Vosges, qui avons eu envie de partager \u00e0 la fois avec des vacanciers, notre magnifique r\u00e9gion, en cr\u00e9ant nos propres g\u00eetes, et avec des propri\u00e9taires, notre exp\u00e9rience personnelle, dans la location saisonni\u00e8re, et la gestion commerciale et administrative.<\/p><p>Nous avons cr\u00e9\u00e9 notre soci\u00e9t\u00e9 afin, d\u2019apporter notre aide et exp\u00e9rience aux propri\u00e9taires qui souhaitent proposer leur bien \u00e0 la location, d\u00e9velopper leur planning de r\u00e9servations et avoir un service de prise en charge sur place, sans avoir le temps de s\u2019en occuper, surtout \u00e0 distance, et d\u2019offrir aux vacanciers la garantie, avec un interlocuteur s\u00e9rieux, de partir en vacances l\u2019esprit tranquille, dans un logement s\u00e9lectionn\u00e9, et sans surprise \u00e0 l\u2019arriv\u00e9e.<\/p>\t\t\t\t\t\t\t\t<\/div>\n\t\t\t\t<\/div>\n\t\t\t\t<div class=\"elementor-element elementor-element-79ab925 elementor-widget elementor-widget-spacer\" data-id=\"79ab925\" data-element_type=\"widget\" data-widget_type=\"spacer.default\">\n\t\t\t\t<div class=\"elementor-widget-container\">\n\t\t\t\t\t\t\t<div class=\"elementor-spacer\">\n\t\t\t<div class=\"elementor-spacer-inner\"><\/div>\n\t\t<\/div>\n\t\t\t\t\t\t<\/div>\n\t\t\t\t<\/div>\n\t\t\t\t\t<\/div>\n\t\t<\/div>\n\t\t\t\t<div class=\"elementor-column elementor-col-16 elementor-top-column elementor-element elementor-element-9d0e07c\" data-id=\"9d0e07c\" data-element_type=\"column\">\n\t\t\t<div class=\"elementor-widget-wrap\">\n\t\t\t\t\t\t\t<\/div>\n\t\t<\/div>\n\t\t\t\t\t<\/div>\n\t\t<\/section>\n\t\t\t\t<section class=\"elementor-section elementor-top-section elementor-element elementor-element-6ccc979 elementor-section-boxed elementor-section-height-default elementor-section-height-default\" data-id=\"6ccc979\" data-element_type=\"section\">\n\t\t\t\t\t\t<div class=\"elementor-container elementor-column-gap-default\">\n\t\t\t\t\t<div class=\"elementor-column elementor-col-100 elementor-top-column elementor-element elementor-element-c71f8d7\" data-id=\"c71f8d7\" data-element_type=\"column\">\n\t\t\t<div class=\"elementor-widget-wrap elementor-element-populated\">\n\t\t\t\t\t\t<div class=\"elementor-element elementor-element-04a1cb5 elementor-widget elementor-widget-Agent_Card\" data-id=\"04a1cb5\" data-element_type=\"widget\" data-widget_type=\"Agent_Card.default\">\n\t\t\t\t<div class=\"elementor-widget-container\">\n\t\t\t\t\t<div class=\"wpestate_estate_property_design_agent wpestate_property_widget   property_desing_agent_one_col \">\n<div class=\"wpestate_contact_form_parent wpestate_agent_details_wrapper row wpestate_single_agent_details_wrapper\" id=\"wpestate_single_agent_details_wrapper\">\n    <div class=\"col-md-6 agentpic-wrapper\">\n        <div class=\"agent-listing-img-wrapper\" data-link=\"https:\/\/dgv88.fr\/index.php\/agents\/dgv\/\">\n            <div class=\"agentpict\" style=\"background-image:url(https:\/\/dgv88.fr\/wp-content\/uploads\/2021\/09\/Capture-de\u0301cran-2021-09-30-a\u0300-23.26.36-525x328.png)\"><\/div>\n        <\/div>\n        <div class=\"agent_unit_social_single\"><a class=\"\" href=\"https:\/\/www.facebook.com\/LesGitesVosgiens\/\" target=\"_blank\"  rel=\"noopener\" ><i class=\"fab fa-facebook-f\"><\/i><\/a><a class=\"\" href=\"https:\/\/www.instagram.com\/destinations_gites_vacances\/\" target=\"_blank\" rel=\"noopener\" ><i class=\"fab fa-instagram\"><\/i><\/a><\/div>    <\/div>  \n    <div class=\"col-md-6 agent_details\">    \n                <h3><a href=\"https:\/\/dgv88.fr\/index.php\/agents\/dgv\/\">DGV<\/a><\/h3>\n        <div class=\"agent_position\">\n            21 Chem. de Nayemont, 88400 G\u00e9rardmer        <\/div>\n        <div class=\"agent_detail agent_phone_class\">\n        <svg width=\"16\" height=\"16\" viewBox=\"0 0 16 16\" fill=\"none\" xmlns=\"http:\/\/www.w3.org\/2000\/svg\">\n        <path d=\"M5.58989 5.35298L4.00124 2L6.84747 6.44072L5.73961 7.97254C6.33837 9.03062 7.29261 9.88975 8.46524 10.4265L9.14108 10.0188L10 11.3603L9.32929 11.7649L9.32758 11.7665C9.10866 11.8994 8.85535 11.9786 8.59246 11.9962C8.32948 12.0139 8.06602 11.9694 7.82787 11.867L7.82188 11.8647C6.2241 11.1662 4.93175 10.0029 4.15181 8.56125L4.14924 8.55506C4.03588 8.34114 3.98568 8.10428 4.00352 7.86758C4.02136 7.63088 4.10663 7.40238 4.25105 7.20431L5.58989 5.35298Z\"\/>\n        <path fill-rule=\"evenodd\" clip-rule=\"evenodd\" d=\"M8.86005 9.91043L6.71604 6.21123L6.92964 5.88483C7.05849 5.68786 7.13665 5.46208 7.15717 5.22761C7.17769 4.99312 7.13992 4.7572 7.04724 4.54084L5.47363 0.86806V0.86646C5.3526 0.582297 5.1425 0.34516 4.87498 0.19077C4.60747 0.0363812 4.29703 -0.026898 3.99042 0.0104649H3.98562C2.88403 0.151205 1.87154 0.688769 1.13785 1.52244C0.404157 2.35612 -0.000388779 3.4287 2.80363e-07 4.53924C0.000424591 7.57897 1.20826 10.494 3.35784 12.6433C5.50743 14.7926 8.42269 16 11.4625 16C12.5726 15.9998 13.6446 15.595 14.4778 14.8614C15.311 14.1278 15.8482 13.1156 15.9889 12.0144L15.9897 12.0096C16.0267 11.7031 15.9633 11.393 15.809 11.1256C15.6546 10.8583 15.4176 10.6483 15.1337 10.5272H15.1321L11.4625 8.95364C11.2442 8.86028 11.0062 8.82284 10.7698 8.8446C10.5335 8.86644 10.3063 8.94676 10.1089 9.07843L8.86086 9.91043H8.86005ZM9.66406 11.2976L11.4625 14.4C8.84677 14.4 6.33823 13.3609 4.48866 11.5114C2.63909 9.66179 1.60001 7.1533 1.60001 4.53764C1.59998 3.83989 1.84612 3.1645 2.29508 2.63036C2.74404 2.09624 3.36705 1.73762 4.05443 1.61766L6.71604 6.21123L8.86005 9.91043L9.66406 11.2976ZM9.66406 11.2976L11.4625 14.4C12.1602 14.4 12.8356 14.1539 13.3698 13.705C13.9039 13.2559 14.2625 12.633 14.3825 11.9456L10.9185 10.4616L9.66406 11.2976Z\"\/>\n        <\/svg>        \n        <a href=\"tel:+33 6 83 65 17 89\">+33 6 83 65 17 89<\/a><\/div><div class=\"agent_detail agent_mobile_class\">\n        <svg width=\"12\" height=\"16\" viewBox=\"0 0 12 16\" fill=\"none\" xmlns=\"http:\/\/www.w3.org\/2000\/svg\">\n            <path d=\"M9.68387 0.00976562H2.25812C1.02049 0.00976562 0.0303955 0.824015 0.0303955 1.84182V14.0556C0.0303955 15.0734 1.02049 15.8877 2.25812 15.8877H9.68387C10.9215 15.8877 11.9116 15.0734 11.9116 14.0556V1.84182C11.9116 0.824015 10.9215 0.00976562 9.68387 0.00976562ZM7.20861 13.6484H4.73337C4.31257 13.6484 3.99079 13.3839 3.99079 13.0377C3.99079 12.6917 4.31257 12.427 4.73337 12.427H7.20861C7.62941 12.427 7.95118 12.6917 7.95118 13.0377C7.95118 13.3839 7.62941 13.6484 7.20861 13.6484ZM10.4264 11.0021H1.51555V2.04539H10.4264V11.0021Z\"\/>\n        <\/svg>\n        <a href=\"tel:+33 6 83 65 17 89\">+33 6 83 65 17 89<\/a><\/div><div class=\"agent_detail agent_email_class\">\n        <svg width=\"16\" height=\"12\" viewBox=\"0 0 16 12\" fill=\"none\" xmlns=\"http:\/\/www.w3.org\/2000\/svg\">\n            <path d=\"M13.7489 0.145508H2.2512C1.09771 0.145508 0.16748 1.0546 0.16748 2.18187V9.81823C0.16748 10.9455 1.09771 11.8546 2.2512 11.8546H13.7489C14.9024 11.8546 15.8326 10.9455 15.8326 9.81823V2.18187C15.8326 1.0546 14.9024 0.145508 13.7489 0.145508ZM13.7489 1.96369C13.7861 1.96369 13.8419 1.98187 13.8791 2.00005L8.13027 5.50914C8.05585 5.54551 7.96283 5.54551 7.88841 5.50914L2.13958 2.00005C2.17678 1.98187 2.21399 1.96369 2.26981 1.96369H13.7489ZM13.7489 10.0364H2.2512C2.12097 10.0364 2.02795 9.94551 2.02795 9.81823V4.07278L6.88376 7.0546C7.21865 7.2546 7.60934 7.36369 8.00004 7.36369C8.39074 7.36369 8.78144 7.2546 9.11632 7.0546L13.9721 4.07278V9.81823C13.9721 9.94551 13.8791 10.0364 13.7489 10.0364Z\"\/>\n        <\/svg>\n        <a href=\"mailto:&#99;o&#110;&#116;a&#99;&#116;&#64;&#100;&#103;&#118;&#56;8&#46;&#102;r\">&#99;o&#110;ta&#99;&#116;&#64;dgv&#56;8&#46;f&#114;<\/a><\/div><div class=\"agent_detail agent_web_class\">\n        <svg width=\"16\" height=\"16\" viewBox=\"0 0 16 16\" fill=\"none\" xmlns=\"http:\/\/www.w3.org\/2000\/svg\">\n            <g clip-path=\"url(#clip0_332_14)\">\n            <path fill-rule=\"evenodd\" clip-rule=\"evenodd\" d=\"M16 8C16 12.4184 12.4184 16 8 16C3.5816 16 0 12.4184 0 8C0 3.5816 3.5816 0 8 0C12.4184 0 16 3.5816 16 8ZM7.3056 1.9456C7.5856 1.6792 7.8184 1.6 8 1.6C8.1816 1.6 8.4144 1.68 8.6944 1.9456C8.9776 2.2152 9.2696 2.6432 9.532 3.2336C10.04 4.3776 10.38 5.9984 10.3992 7.8336C9.6496 7.9408 8.844 8 8 8C7.156 8 6.3504 7.9408 5.6008 7.8328C5.62 5.9984 5.96 4.3776 6.468 3.2336C6.7304 2.6432 7.0224 2.2152 7.3056 1.9456ZM4.008 7.512C4.0608 5.6272 4.4232 3.8984 5.0072 2.584C5.05476 2.47641 5.10491 2.36998 5.1576 2.2648C4.3033 2.68909 3.55442 3.29864 2.96554 4.04902C2.37667 4.79941 1.96263 5.67172 1.7536 6.6024C2.3456 6.9608 3.1112 7.2736 4.008 7.512ZM1.608 8.34C2.3168 8.68 3.1384 8.96 4.0392 9.168C4.1512 10.7872 4.492 12.2616 5.0056 13.416C5.0536 13.5248 5.104 13.6312 5.156 13.7352C4.13954 13.231 3.27534 12.4658 2.6519 11.5178C2.02847 10.5697 1.66821 9.47304 1.608 8.34ZM5.668 9.456C6.416 9.5504 7.1976 9.6 7.9992 9.6C8.8008 9.6 9.5832 9.5504 10.3304 9.456C10.2048 10.7576 9.9168 11.8984 9.5304 12.7664C9.2688 13.3568 8.9768 13.7848 8.6936 14.0544C8.4136 14.3208 8.1808 14.4 7.9992 14.4C7.8176 14.4 7.5848 14.32 7.3048 14.0544C7.0216 13.7848 6.7296 13.3568 6.4672 12.7664C6.0816 11.8992 5.7936 10.7576 5.668 9.4568V9.456ZM11.9592 9.168C11.8472 10.7872 11.5064 12.2616 10.9928 13.416C10.9452 13.5236 10.8951 13.63 10.8424 13.7352C11.8589 13.231 12.723 12.4658 13.3465 11.5178C13.9699 10.5697 14.3302 9.47304 14.3904 8.34C13.6816 8.68 12.86 8.96 11.9592 9.168ZM14.2464 6.6024C14.0374 5.67172 13.6234 4.79941 13.0345 4.04902C12.4456 3.29864 11.6967 2.68909 10.8424 2.2648C10.8944 2.3688 10.9448 2.4752 10.9928 2.584C11.5768 3.8984 11.9384 5.6272 11.9928 7.512C12.8888 7.2736 13.6552 6.96 14.2464 6.6024Z\"\/>\n            <\/g>\n            <defs>\n            <clipPath id=\"clip0_332_14\">\n            <rect width=\"16\" height=\"16\" fill=\"white\"\/>\n            <\/clipPath>\n            <\/defs>\n        <\/svg>\n        <a href=\"http:\/\/destinationsgitesvacances.fr\" target=\"_blank\">destinationsgitesvacances.fr<\/a><\/div>    <\/div>\n   \n    <div class=\"custom_details_container\">\n        <div class=\"realtor-contact-buttons\">\n    \n    <a class=\"wpresidence_button wpresidence_button_inverse realtor_call\" href=\"tel:+33 6 83 65 17 89\">\n        <i class=\"fas fa-phone\"><\/i>\n        Appeler <span class=\"agent_call_no\">+33 6 83 65 17 89<\/span>    <\/a>\n\n    <a class=\"wpresidence_button wpresidence_button_inverse realtor_whatsapp\" target=\"_blank\" href=\"https:\/\/wa.me\/33683651789?text=Bonjour,%20je%20suis%20int\u00e9ress\u00e9%20par%20%5BLe%20G\u00eete%20Des%20Charmes%205*%20Piscine,%20SPA,%20Sauna%5D%20https:\/\/dgv88.fr\/index.php\/properties\/le-gite-des-charmes-5-piscine-spa-sauna\/\">\n        <i class=\"fab fa-whatsapp\"><\/i>\n        WhatsApp    <\/a>\n<\/div>    <\/div>\n   \n    <\/div>\n\n<\/div>\t\t\t\t<\/div>\n\t\t\t\t<\/div>\n\t\t\t\t\t<\/div>\n\t\t<\/div>\n\t\t\t\t\t<\/div>\n\t\t<\/section>\n\t\t\t\t<\/div>\n\t\t","protected":false},"excerpt":{"rendered":"<p>Nous sommes un couple de quinquag\u00e9naires habitant dans les Hautes Vosges, qui avons eu envie de partager \u00e0 la fois avec des vacanciers, notre magnifique r\u00e9gion, en cr\u00e9ant nos propres g\u00eetes, et avec des propri\u00e9taires, notre exp\u00e9rience personnelle, dans la location saisonni\u00e8re, et la gestion commerciale et administrative. Nous avons cr\u00e9\u00e9 notre soci\u00e9t\u00e9 afin, d\u2019apporter notre aide et exp\u00e9rience aux propri\u00e9taires qui souhaitent proposer &#8230;<\/p>\n","protected":false},"author":1,"featured_media":0,"parent":0,"menu_order":0,"comment_status":"closed","ping_status":"closed","template":"","meta":{"inline_featured_image":false,"footnotes":""},"folder":[],"class_list":["post-29090","page","type-page","status-publish","hentry"],"yoast_head":"<!-- This site is optimized with the Yoast SEO plugin v26.4 - https:\/\/yoast.com\/wordpress\/plugins\/seo\/ -->\n<title>Qui Sommes-Nous ? - DGV<\/title>\n<meta name=\"robots\" content=\"index, follow, max-snippet:-1, max-image-preview:large, max-video-preview:-1\" \/>\n<link rel=\"canonical\" href=\"https:\/\/dgv88.fr\/index.php\/demande-de-reservation\/\" \/>\n<meta property=\"og:locale\" content=\"fr_FR\" \/>\n<meta property=\"og:type\" content=\"article\" \/>\n<meta property=\"og:title\" content=\"Qui Sommes-Nous ? - DGV\" \/>\n<meta property=\"og:description\" content=\"Nous sommes un couple de quinquag\u00e9naires habitant dans les Hautes Vosges, qui avons eu envie de partager \u00e0 la fois avec des vacanciers, notre magnifique r\u00e9gion, en cr\u00e9ant nos propres g\u00eetes, et avec des propri\u00e9taires, notre exp\u00e9rience personnelle, dans la location saisonni\u00e8re, et la gestion commerciale et administrative. Nous avons cr\u00e9\u00e9 notre soci\u00e9t\u00e9 afin, d\u2019apporter notre aide et exp\u00e9rience aux propri\u00e9taires qui souhaitent proposer ...\" \/>\n<meta property=\"og:url\" content=\"https:\/\/dgv88.fr\/index.php\/demande-de-reservation\/\" \/>\n<meta property=\"og:site_name\" content=\"DGV\" \/>\n<meta property=\"article:publisher\" content=\"https:\/\/www.facebook.com\/LesGitesVosgiens\/\" \/>\n<meta property=\"article:modified_time\" content=\"2021-10-04T12:02:41+00:00\" \/>\n<meta property=\"og:image\" content=\"https:\/\/dgv88.fr\/wp-content\/uploads\/2021\/09\/14.1-2.jpg\" \/>\n\t<meta property=\"og:image:width\" content=\"2560\" \/>\n\t<meta property=\"og:image:height\" content=\"1920\" \/>\n\t<meta property=\"og:image:type\" content=\"image\/jpeg\" \/>\n<meta name=\"twitter:card\" content=\"summary_large_image\" \/>\n<meta name=\"twitter:label1\" content=\"Dur\u00e9e de lecture estim\u00e9e\" \/>\n\t<meta name=\"twitter:data1\" content=\"1 minute\" \/>\n<script type=\"application\/ld+json\" class=\"yoast-schema-graph\">{\"@context\":\"https:\/\/schema.org\",\"@graph\":[{\"@type\":\"WebPage\",\"@id\":\"https:\/\/dgv88.fr\/index.php\/demande-de-reservation\/\",\"url\":\"https:\/\/dgv88.fr\/index.php\/demande-de-reservation\/\",\"name\":\"Qui Sommes-Nous ? - DGV\",\"isPartOf\":{\"@id\":\"https:\/\/dgv88.fr\/#website\"},\"datePublished\":\"2021-09-30T21:11:07+00:00\",\"dateModified\":\"2021-10-04T12:02:41+00:00\",\"breadcrumb\":{\"@id\":\"https:\/\/dgv88.fr\/index.php\/demande-de-reservation\/#breadcrumb\"},\"inLanguage\":\"fr-FR\",\"potentialAction\":[{\"@type\":\"ReadAction\",\"target\":[\"https:\/\/dgv88.fr\/index.php\/demande-de-reservation\/\"]}]},{\"@type\":\"BreadcrumbList\",\"@id\":\"https:\/\/dgv88.fr\/index.php\/demande-de-reservation\/#breadcrumb\",\"itemListElement\":[{\"@type\":\"ListItem\",\"position\":1,\"name\":\"Accueil\",\"item\":\"https:\/\/dgv88.fr\/\"},{\"@type\":\"ListItem\",\"position\":2,\"name\":\"Qui Sommes-Nous ?\"}]},{\"@type\":\"WebSite\",\"@id\":\"https:\/\/dgv88.fr\/#website\",\"url\":\"https:\/\/dgv88.fr\/\",\"name\":\"DGV\",\"description\":\"Destinations G\u00eetes Vacances\",\"publisher\":{\"@id\":\"https:\/\/dgv88.fr\/#organization\"},\"potentialAction\":[{\"@type\":\"SearchAction\",\"target\":{\"@type\":\"EntryPoint\",\"urlTemplate\":\"https:\/\/dgv88.fr\/?s={search_term_string}\"},\"query-input\":{\"@type\":\"PropertyValueSpecification\",\"valueRequired\":true,\"valueName\":\"search_term_string\"}}],\"inLanguage\":\"fr-FR\"},{\"@type\":\"Organization\",\"@id\":\"https:\/\/dgv88.fr\/#organization\",\"name\":\"DGV\",\"url\":\"https:\/\/dgv88.fr\/\",\"logo\":{\"@type\":\"ImageObject\",\"inLanguage\":\"fr-FR\",\"@id\":\"https:\/\/dgv88.fr\/#\/schema\/logo\/image\/\",\"url\":\"https:\/\/dgv88.fr\/wp-content\/uploads\/2020\/11\/DVG-kaushan-blanc-e1605186699727.png\",\"contentUrl\":\"https:\/\/dgv88.fr\/wp-content\/uploads\/2020\/11\/DVG-kaushan-blanc-e1605186699727.png\",\"width\":2376,\"height\":1787,\"caption\":\"DGV\"},\"image\":{\"@id\":\"https:\/\/dgv88.fr\/#\/schema\/logo\/image\/\"},\"sameAs\":[\"https:\/\/www.facebook.com\/LesGitesVosgiens\/\",\"https:\/\/www.instagram.com\/destinations_gites_vacances\/\"]}]}<\/script>\n<!-- \/ Yoast SEO plugin. -->","yoast_head_json":{"title":"Qui Sommes-Nous ? - DGV","robots":{"index":"index","follow":"follow","max-snippet":"max-snippet:-1","max-image-preview":"max-image-preview:large","max-video-preview":"max-video-preview:-1"},"canonical":"https:\/\/dgv88.fr\/index.php\/demande-de-reservation\/","og_locale":"fr_FR","og_type":"article","og_title":"Qui Sommes-Nous ? - DGV","og_description":"Nous sommes un couple de quinquag\u00e9naires habitant dans les Hautes Vosges, qui avons eu envie de partager \u00e0 la fois avec des vacanciers, notre magnifique r\u00e9gion, en cr\u00e9ant nos propres g\u00eetes, et avec des propri\u00e9taires, notre exp\u00e9rience personnelle, dans la location saisonni\u00e8re, et la gestion commerciale et administrative. Nous avons cr\u00e9\u00e9 notre soci\u00e9t\u00e9 afin, d\u2019apporter notre aide et exp\u00e9rience aux propri\u00e9taires qui souhaitent proposer ...","og_url":"https:\/\/dgv88.fr\/index.php\/demande-de-reservation\/","og_site_name":"DGV","article_publisher":"https:\/\/www.facebook.com\/LesGitesVosgiens\/","article_modified_time":"2021-10-04T12:02:41+00:00","og_image":[{"width":2560,"height":1920,"url":"https:\/\/dgv88.fr\/wp-content\/uploads\/2021\/09\/14.1-2.jpg","type":"image\/jpeg"}],"twitter_card":"summary_large_image","twitter_misc":{"Dur\u00e9e de lecture estim\u00e9e":"1 minute"},"schema":{"@context":"https:\/\/schema.org","@graph":[{"@type":"WebPage","@id":"https:\/\/dgv88.fr\/index.php\/demande-de-reservation\/","url":"https:\/\/dgv88.fr\/index.php\/demande-de-reservation\/","name":"Qui Sommes-Nous ? - DGV","isPartOf":{"@id":"https:\/\/dgv88.fr\/#website"},"datePublished":"2021-09-30T21:11:07+00:00","dateModified":"2021-10-04T12:02:41+00:00","breadcrumb":{"@id":"https:\/\/dgv88.fr\/index.php\/demande-de-reservation\/#breadcrumb"},"inLanguage":"fr-FR","potentialAction":[{"@type":"ReadAction","target":["https:\/\/dgv88.fr\/index.php\/demande-de-reservation\/"]}]},{"@type":"BreadcrumbList","@id":"https:\/\/dgv88.fr\/index.php\/demande-de-reservation\/#breadcrumb","itemListElement":[{"@type":"ListItem","position":1,"name":"Accueil","item":"https:\/\/dgv88.fr\/"},{"@type":"ListItem","position":2,"name":"Qui Sommes-Nous ?"}]},{"@type":"WebSite","@id":"https:\/\/dgv88.fr\/#website","url":"https:\/\/dgv88.fr\/","name":"DGV","description":"Destinations G\u00eetes Vacances","publisher":{"@id":"https:\/\/dgv88.fr\/#organization"},"potentialAction":[{"@type":"SearchAction","target":{"@type":"EntryPoint","urlTemplate":"https:\/\/dgv88.fr\/?s={search_term_string}"},"query-input":{"@type":"PropertyValueSpecification","valueRequired":true,"valueName":"search_term_string"}}],"inLanguage":"fr-FR"},{"@type":"Organization","@id":"https:\/\/dgv88.fr\/#organization","name":"DGV","url":"https:\/\/dgv88.fr\/","logo":{"@type":"ImageObject","inLanguage":"fr-FR","@id":"https:\/\/dgv88.fr\/#\/schema\/logo\/image\/","url":"https:\/\/dgv88.fr\/wp-content\/uploads\/2020\/11\/DVG-kaushan-blanc-e1605186699727.png","contentUrl":"https:\/\/dgv88.fr\/wp-content\/uploads\/2020\/11\/DVG-kaushan-blanc-e1605186699727.png","width":2376,"height":1787,"caption":"DGV"},"image":{"@id":"https:\/\/dgv88.fr\/#\/schema\/logo\/image\/"},"sameAs":["https:\/\/www.facebook.com\/LesGitesVosgiens\/","https:\/\/www.instagram.com\/destinations_gites_vacances\/"]}]}},"_links":{"self":[{"href":"https:\/\/dgv88.fr\/index.php\/wp-json\/wp\/v2\/pages\/29090","targetHints":{"allow":["GET"]}}],"collection":[{"href":"https:\/\/dgv88.fr\/index.php\/wp-json\/wp\/v2\/pages"}],"about":[{"href":"https:\/\/dgv88.fr\/index.php\/wp-json\/wp\/v2\/types\/page"}],"author":[{"embeddable":true,"href":"https:\/\/dgv88.fr\/index.php\/wp-json\/wp\/v2\/users\/1"}],"replies":[{"embeddable":true,"href":"https:\/\/dgv88.fr\/index.php\/wp-json\/wp\/v2\/comments?post=29090"}],"version-history":[{"count":20,"href":"https:\/\/dgv88.fr\/index.php\/wp-json\/wp\/v2\/pages\/29090\/revisions"}],"predecessor-version":[{"id":29317,"href":"https:\/\/dgv88.fr\/index.php\/wp-json\/wp\/v2\/pages\/29090\/revisions\/29317"}],"wp:attachment":[{"href":"https:\/\/dgv88.fr\/index.php\/wp-json\/wp\/v2\/media?parent=29090"}],"wp:term":[{"taxonomy":"folder","embeddable":true,"href":"https:\/\/dgv88.fr\/index.php\/wp-json\/wp\/v2\/folder?post=29090"}],"curies":[{"name":"wp","href":"https:\/\/api.w.org\/{rel}","templated":true}]}}