{"id":2972,"date":"2014-10-22T12:36:54","date_gmt":"2014-10-22T12:36:54","guid":{"rendered":"http:\/\/wpresidence.net\/?page_id=2972"},"modified":"2025-03-21T14:29:49","modified_gmt":"2025-03-21T13:29:49","slug":"terms-and-coditions","status":"publish","type":"page","link":"https:\/\/dgv88.fr\/index.php\/terms-and-coditions\/","title":{"rendered":"Politique de confidentialit\u00e9"},"content":{"rendered":"\n\nDate de derni\u00e8re mise \u00e0 jour :<strong> 21\/03\/2025<\/strong>\n\n\n<h2 class=\"wp-block-heading\">Pr\u00e9ambule :<\/h2>\n\n\nLe r\u00e8glement g\u00e9n\u00e9ral sur la protection des donn\u00e9es (RGPD) est entr\u00e9 en application en mai 2018 au sein de l\u2019Union europ\u00e9enne. Il vise \u00e0 prot\u00e9ger les donn\u00e9es personnelles des individus au sein de l\u2019UE.\n\n\n\n<strong>DGV88<\/strong>, sensible \u00e0 la protection des donn\u00e9es personnelles, a mis en place les mesures n\u00e9cessaires afin de garantir le respect de la vie priv\u00e9e de ses utilisateurs.\n\n\n\nLa pr\u00e9sente politique de confidentialit\u00e9 d\u00e9finit et vous informe de la mani\u00e8re dont <strong>DGV88<\/strong> utilise et prot\u00e8ge les informations que vous nous transmettez, le cas \u00e9ch\u00e9ant, lorsque vous utilisez le pr\u00e9sent site accessible \u00e0 partir de l\u2019URL suivante : www.dgv88.fr (ci-apr\u00e8s le \u00ab Site \u00bb).\n\n\n\nVeuillez noter que cette politique de confidentialit\u00e9 est susceptible d\u2019\u00eatre modifi\u00e9e \u00e0 tout moment par <strong>DGV88<\/strong>, notamment en vue de se conformer \u00e0 toute \u00e9volution l\u00e9gislative, r\u00e9glementaire, jurisprudentielle ou technologique. Dans un tel cas, la date de sa mise \u00e0 jour sera clairement identifi\u00e9e en t\u00eate de la pr\u00e9sente politique. Ces modifications engagent l\u2019Utilisateur d\u00e8s leur mise en ligne. Il convient par cons\u00e9quent que l\u2019Utilisateur consulte r\u00e9guli\u00e8rement la pr\u00e9sente politique de confidentialit\u00e9 et d\u2019utilisation des cookies afin de prendre connaissance de ses \u00e9ventuelles modifications.\n\n\n<h2 class=\"wp-block-heading\">Donn\u00e9es personnelles<\/h2>\n\n\nVous pouvez visiter le Site de <strong>DGV88<\/strong> sans communiquer d\u2019information personnelle vous concernant. \u00c0 aucun moment vous n\u2019\u00eates oblig\u00e9 de transmettre ces informations \u00e0 <strong>DGV88<\/strong>. N\u00e9anmoins, en cas de refus, il se peut que vous ne puissiez pas b\u00e9n\u00e9ficier de certaines informations ou services que vous avez demand\u00e9.\n\n\n\nEn effet, <strong>DGV88<\/strong>\u00a0peut \u00eatre amen\u00e9 \u00e0 vous demander de renseigner par le biais de formulaire (ci-apr\u00e8s vos \u00ab Informations Personnelles \u00bb) :\n\n\n<ul class=\"wp-block-list\">\n \t<li>Votre nom<\/li>\n\n \t<li>Votre pr\u00e9nom<\/li>\n\n \t<li>Num\u00e9ro de t\u00e9l\u00e9phone<\/li>\n\n \t<li>Adresse e-mail<\/li>\n<\/ul>\n\n\nEn fournissant ces informations, vous acceptez qu\u2019elles soient trait\u00e9es par <strong>DGV88<\/strong>, aux fins indiqu\u00e9es au point 2 ci-dessous ainsi qu\u2019aux fins rappel\u00e9es \u00e0 la fin de chaque formulaire.\n\n\n\nConform\u00e9ment au R\u00e8glement G\u00e9n\u00e9ral sur la Protection des Donn\u00e9es (General Data Protection R\u00e9gulation) adopt\u00e9 par le Parlement europ\u00e9en le 14 avril 2016, et \u00e0 la Loi Informatique et Libert\u00e9s du 6 janvier 1978 modifi\u00e9e, <strong>DGV88<\/strong>\u00a0vous informe des points suivants :\n\n\n<h2 class=\"wp-block-heading\">1 \u2013 Identit\u00e9 du responsable du traitement<\/h2>\n\n\nLe responsable du traitement est <strong>MONSIEUR HAUET JEAN PIERRE<\/strong> ayant son si\u00e8ge social au 32 Chemin du Breuil &#8211; La Bresse\n\n\n<h2 class=\"wp-block-heading\">2 \u2013 Finalit\u00e9s du traitement<\/h2>\n\n\n<strong>DGV88<\/strong> est susceptible de traiter vos Informations Personnelles :\n\n\n\nPour vous fournir les informations que vous avez demand\u00e9es ; et\/ou de recueillir des informations nous permettant d\u2019am\u00e9liorer notre Site, nos produits et services (notamment par le biais de cookies, voir notre politique de cookies)\n\n\n\nPour vous envoyer des newsletters \u00e0 titre d\u2019informations par e-mail.\n\n\n<h2 class=\"wp-block-heading\">3- Destinataires<\/h2>\n\n\nSeul <strong>DGV88<\/strong>\u00a0est destinataire de vos Informations Personnelles. Celles-ci, que ce soit sous forme individuelle ou agr\u00e9g\u00e9e, ne sont jamais transmises \u00e0 un tiers.\n\n\n<h2 class=\"wp-block-heading\">4 \u2013 Dur\u00e9e de conservation<\/h2>\n\n\nVos Informations Personnelles sont conserv\u00e9es par <strong>DGV88<\/strong>\u00a0maximum 36 mois en cas d\u2019inactivit\u00e9 de la part de l\u2019internaute.\n\n\n<h2 class=\"wp-block-heading\">5 \u2013 Droits Informatique et Libert\u00e9s<\/h2>\n\n\nVous disposez des droits suivants concernant vos Informations Personnelles, que vous pouvez exercer en nous \u00e9crivant \u00e0 l\u2019adresse email <strong>contact@dgv88.fr<\/strong>\n\n\n<ul class=\"wp-block-list\">\n \t<li>Obtenir vos Informations Personnelles dont nous disposons dans notre base de donn\u00e9es. Cependant, en raison de l\u2019obligation de s\u00e9curit\u00e9 et de confidentialit\u00e9 dans le traitement des donn\u00e9es \u00e0 caract\u00e8re personnel qui incombe \u00e0 <strong>DGV88<\/strong>, vous \u00eates inform\u00e9 que votre demande sera trait\u00e9e sous r\u00e9serve que vous apportiez la preuve de votre identit\u00e9, notamment par la production d\u2019un scan de votre titre d\u2019identit\u00e9 valide (en cas de demande par notre formulaire \u00e9lectronique d\u00e9di\u00e9) ou d\u2019une photocopie sign\u00e9e de votre titre d\u2019identit\u00e9 valide (en cas de demande adress\u00e9e par \u00e9crit). <strong>DGV88<\/strong>\u00a0vous informe qu\u2019il sera en droit, le cas \u00e9ch\u00e9ant, de s\u2019opposer aux demandes manifestement abusives (de par leur nombre, leur caract\u00e8re r\u00e9p\u00e9titif ou syst\u00e9matique).<\/li>\n<\/ul>\n\n<ul class=\"wp-block-list\">\n \t<li>Demander la rectification, la mise \u00e0 jour, le verrouillage ou encore l\u2019effacement des donn\u00e9es vous concernant qui peuvent s\u2019av\u00e9rer le cas \u00e9ch\u00e9ant inexactes, erron\u00e9es, incompl\u00e8tes ou obsol\u00e8tes.<\/li>\n\n \t<li>Droit d\u2019opposition<\/li>\n<\/ul>\n\n\nL\u2019exercice de ce droit n\u2019est possible que lorsque l\u2019exercice de ce droit est fond\u00e9 sur des motifs l\u00e9gitimes ; ou lorsque l\u2019exercice de ce droit vise \u00e0 faire obstacle \u00e0 ce que les donn\u00e9es recueillies soient utilis\u00e9es \u00e0 des fins de prospection commerciale.\n\n\n<h2 class=\"wp-block-heading\">6 \u2013 D\u00e9lais de r\u00e9ponse<\/h2>\n\n\n<strong>DGV88<\/strong> s\u2019engage \u00e0 r\u00e9pondre \u00e0 votre demande dans un d\u00e9lai de 1 mois.\n\n\n<h2 class=\"wp-block-heading\">7 \u2013 Plainte aupr\u00e8s de l\u2019autorit\u00e9 comp\u00e9tente<\/h2>\n\n\nSi vous consid\u00e9rez que <strong>DGV88<\/strong>\u00a0ne respecte pas ses obligations au regard de vos Informations Personnelles, vous pouvez adresser une plainte ou une demande aupr\u00e8s de l\u2019autorit\u00e9 comp\u00e9tente. En France, l\u2019autorit\u00e9 comp\u00e9tente est la CNIL \u00e0 laquelle vous pouvez adresser une demande par voie \u00e9lectronique en cliquant sur le lien suivant :\u00a0<a href=\"https:\/\/www.cnil.fr\/fr\/plaintes\/internet.\">https:\/\/www.cnil.fr\/fr\/plaintes\/internet.<\/a>\n\n\n<h2 class=\"wp-block-heading\">8 \u2013 Politique de cookies et gestion des cookies :<\/h2>\n\n\nPour conna\u00eetre notre politique de cookies et les donn\u00e9es d\u2019utilisations que nous traitons, veuillez cliquer\u00a0<a href=\"\/politique-de-cookies-ue\/\"><strong>ici<\/strong><\/a>.\n\n\n<h2 class=\"wp-block-heading\">9 \u2013 S\u00e9curit\u00e9 de vos Informations Personnelles<\/h2>\n\n\n<strong>Comment nous prot\u00e9geons vos donn\u00e9es<\/strong>\n\n\n\nAfin que les donn\u00e9es \u00e0 caract\u00e8re personnel que nous recueillons ne soient ni perdues, d\u00e9tourn\u00e9es, ni consult\u00e9es, ni modifi\u00e9es ni divulgu\u00e9es par des tiers non autoris\u00e9s, nous avons mis en place des mesures et une politique de s\u00e9curit\u00e9 des donn\u00e9es strictes et reconnues.\n\n\n\n<strong>Proc\u00e9dures mises en \u0153uvre en cas de fuite de donn\u00e9es<\/strong>\n\n\n\nConform\u00e9ment \u00e0 la proc\u00e9dure pr\u00e9vue par le r\u00e8glement g\u00e9n\u00e9ral sur la protection des donn\u00e9es en cas de fuite ou d\u2019anomalie concernant les donn\u00e9es personnelles en notre possession, nous informerons les autorit\u00e9s comp\u00e9tentes (CNIL), et vous avertirons de la nature des donn\u00e9es ayant fuit\u00e9 et la nature du risque qui peut \u00eatre engendr\u00e9e si cela peut entamer vos droits et libert\u00e9s (donn\u00e9es sensibles) dans un d\u00e9lai maximal de 72 heures apr\u00e8s constat du probl\u00e8me.\n\n","protected":false},"excerpt":{"rendered":"<p>Date de derni\u00e8re mise \u00e0 jour : 21\/03\/2025 Pr\u00e9ambule : Le r\u00e8glement g\u00e9n\u00e9ral sur la protection des donn\u00e9es (RGPD) est entr\u00e9 en application en mai 2018 au sein de l\u2019Union europ\u00e9enne. Il vise \u00e0 prot\u00e9ger les donn\u00e9es personnelles des individus au sein de l\u2019UE. DGV88, sensible \u00e0 la protection des donn\u00e9es personnelles, a mis en place les mesures n\u00e9cessaires afin de garantir le respect &#8230;<\/p>\n","protected":false},"author":1,"featured_media":0,"parent":0,"menu_order":0,"comment_status":"closed","ping_status":"closed","template":"page-templates\/terms_conditions.php","meta":{"inline_featured_image":false,"footnotes":""},"folder":[],"class_list":["post-2972","page","type-page","status-publish","hentry"],"yoast_head":"<!-- This site is optimized with the Yoast SEO plugin v26.4 - https:\/\/yoast.com\/wordpress\/plugins\/seo\/ -->\n<title>Politique de confidentialit\u00e9 - DGV<\/title>\n<meta name=\"robots\" content=\"index, follow, max-snippet:-1, max-image-preview:large, max-video-preview:-1\" \/>\n<link rel=\"canonical\" href=\"https:\/\/dgv88.fr\/index.php\/terms-and-coditions\/\" \/>\n<meta property=\"og:locale\" content=\"fr_FR\" \/>\n<meta property=\"og:type\" content=\"article\" \/>\n<meta property=\"og:title\" content=\"Politique de confidentialit\u00e9 - DGV\" \/>\n<meta property=\"og:description\" content=\"Date de derni\u00e8re mise \u00e0 jour : 21\/03\/2025 Pr\u00e9ambule : Le r\u00e8glement g\u00e9n\u00e9ral sur la protection des donn\u00e9es (RGPD) est entr\u00e9 en application en mai 2018 au sein de l\u2019Union europ\u00e9enne. Il vise \u00e0 prot\u00e9ger les donn\u00e9es personnelles des individus au sein de l\u2019UE. DGV88, sensible \u00e0 la protection des donn\u00e9es personnelles, a mis en place les mesures n\u00e9cessaires afin de garantir le respect ...\" \/>\n<meta property=\"og:url\" content=\"https:\/\/dgv88.fr\/index.php\/terms-and-coditions\/\" \/>\n<meta property=\"og:site_name\" content=\"DGV\" \/>\n<meta property=\"article:publisher\" content=\"https:\/\/www.facebook.com\/LesGitesVosgiens\/\" \/>\n<meta property=\"article:modified_time\" content=\"2025-03-21T13:29:49+00:00\" \/>\n<meta property=\"og:image\" content=\"https:\/\/dgv88.fr\/wp-content\/uploads\/2021\/09\/14.1-2.jpg\" \/>\n\t<meta property=\"og:image:width\" content=\"2560\" \/>\n\t<meta property=\"og:image:height\" content=\"1920\" \/>\n\t<meta property=\"og:image:type\" content=\"image\/jpeg\" \/>\n<meta name=\"twitter:card\" content=\"summary_large_image\" \/>\n<meta name=\"twitter:label1\" content=\"Dur\u00e9e de lecture estim\u00e9e\" \/>\n\t<meta name=\"twitter:data1\" content=\"5 minutes\" \/>\n<script type=\"application\/ld+json\" class=\"yoast-schema-graph\">{\"@context\":\"https:\/\/schema.org\",\"@graph\":[{\"@type\":\"WebPage\",\"@id\":\"https:\/\/dgv88.fr\/index.php\/terms-and-coditions\/\",\"url\":\"https:\/\/dgv88.fr\/index.php\/terms-and-coditions\/\",\"name\":\"Politique de confidentialit\u00e9 - DGV\",\"isPartOf\":{\"@id\":\"https:\/\/dgv88.fr\/#website\"},\"datePublished\":\"2014-10-22T12:36:54+00:00\",\"dateModified\":\"2025-03-21T13:29:49+00:00\",\"breadcrumb\":{\"@id\":\"https:\/\/dgv88.fr\/index.php\/terms-and-coditions\/#breadcrumb\"},\"inLanguage\":\"fr-FR\",\"potentialAction\":[{\"@type\":\"ReadAction\",\"target\":[\"https:\/\/dgv88.fr\/index.php\/terms-and-coditions\/\"]}]},{\"@type\":\"BreadcrumbList\",\"@id\":\"https:\/\/dgv88.fr\/index.php\/terms-and-coditions\/#breadcrumb\",\"itemListElement\":[{\"@type\":\"ListItem\",\"position\":1,\"name\":\"Accueil\",\"item\":\"https:\/\/dgv88.fr\/\"},{\"@type\":\"ListItem\",\"position\":2,\"name\":\"Politique de confidentialit\u00e9\"}]},{\"@type\":\"WebSite\",\"@id\":\"https:\/\/dgv88.fr\/#website\",\"url\":\"https:\/\/dgv88.fr\/\",\"name\":\"DGV\",\"description\":\"Destinations G\u00eetes Vacances\",\"publisher\":{\"@id\":\"https:\/\/dgv88.fr\/#organization\"},\"potentialAction\":[{\"@type\":\"SearchAction\",\"target\":{\"@type\":\"EntryPoint\",\"urlTemplate\":\"https:\/\/dgv88.fr\/?s={search_term_string}\"},\"query-input\":{\"@type\":\"PropertyValueSpecification\",\"valueRequired\":true,\"valueName\":\"search_term_string\"}}],\"inLanguage\":\"fr-FR\"},{\"@type\":\"Organization\",\"@id\":\"https:\/\/dgv88.fr\/#organization\",\"name\":\"DGV\",\"url\":\"https:\/\/dgv88.fr\/\",\"logo\":{\"@type\":\"ImageObject\",\"inLanguage\":\"fr-FR\",\"@id\":\"https:\/\/dgv88.fr\/#\/schema\/logo\/image\/\",\"url\":\"https:\/\/dgv88.fr\/wp-content\/uploads\/2020\/11\/DVG-kaushan-blanc-e1605186699727.png\",\"contentUrl\":\"https:\/\/dgv88.fr\/wp-content\/uploads\/2020\/11\/DVG-kaushan-blanc-e1605186699727.png\",\"width\":2376,\"height\":1787,\"caption\":\"DGV\"},\"image\":{\"@id\":\"https:\/\/dgv88.fr\/#\/schema\/logo\/image\/\"},\"sameAs\":[\"https:\/\/www.facebook.com\/LesGitesVosgiens\/\",\"https:\/\/www.instagram.com\/destinations_gites_vacances\/\"]}]}<\/script>\n<!-- \/ Yoast SEO plugin. -->","yoast_head_json":{"title":"Politique de confidentialit\u00e9 - DGV","robots":{"index":"index","follow":"follow","max-snippet":"max-snippet:-1","max-image-preview":"max-image-preview:large","max-video-preview":"max-video-preview:-1"},"canonical":"https:\/\/dgv88.fr\/index.php\/terms-and-coditions\/","og_locale":"fr_FR","og_type":"article","og_title":"Politique de confidentialit\u00e9 - DGV","og_description":"Date de derni\u00e8re mise \u00e0 jour : 21\/03\/2025 Pr\u00e9ambule : Le r\u00e8glement g\u00e9n\u00e9ral sur la protection des donn\u00e9es (RGPD) est entr\u00e9 en application en mai 2018 au sein de l\u2019Union europ\u00e9enne. Il vise \u00e0 prot\u00e9ger les donn\u00e9es personnelles des individus au sein de l\u2019UE. DGV88, sensible \u00e0 la protection des donn\u00e9es personnelles, a mis en place les mesures n\u00e9cessaires afin de garantir le respect ...","og_url":"https:\/\/dgv88.fr\/index.php\/terms-and-coditions\/","og_site_name":"DGV","article_publisher":"https:\/\/www.facebook.com\/LesGitesVosgiens\/","article_modified_time":"2025-03-21T13:29:49+00:00","og_image":[{"width":2560,"height":1920,"url":"https:\/\/dgv88.fr\/wp-content\/uploads\/2021\/09\/14.1-2.jpg","type":"image\/jpeg"}],"twitter_card":"summary_large_image","twitter_misc":{"Dur\u00e9e de lecture estim\u00e9e":"5 minutes"},"schema":{"@context":"https:\/\/schema.org","@graph":[{"@type":"WebPage","@id":"https:\/\/dgv88.fr\/index.php\/terms-and-coditions\/","url":"https:\/\/dgv88.fr\/index.php\/terms-and-coditions\/","name":"Politique de confidentialit\u00e9 - DGV","isPartOf":{"@id":"https:\/\/dgv88.fr\/#website"},"datePublished":"2014-10-22T12:36:54+00:00","dateModified":"2025-03-21T13:29:49+00:00","breadcrumb":{"@id":"https:\/\/dgv88.fr\/index.php\/terms-and-coditions\/#breadcrumb"},"inLanguage":"fr-FR","potentialAction":[{"@type":"ReadAction","target":["https:\/\/dgv88.fr\/index.php\/terms-and-coditions\/"]}]},{"@type":"BreadcrumbList","@id":"https:\/\/dgv88.fr\/index.php\/terms-and-coditions\/#breadcrumb","itemListElement":[{"@type":"ListItem","position":1,"name":"Accueil","item":"https:\/\/dgv88.fr\/"},{"@type":"ListItem","position":2,"name":"Politique de confidentialit\u00e9"}]},{"@type":"WebSite","@id":"https:\/\/dgv88.fr\/#website","url":"https:\/\/dgv88.fr\/","name":"DGV","description":"Destinations G\u00eetes Vacances","publisher":{"@id":"https:\/\/dgv88.fr\/#organization"},"potentialAction":[{"@type":"SearchAction","target":{"@type":"EntryPoint","urlTemplate":"https:\/\/dgv88.fr\/?s={search_term_string}"},"query-input":{"@type":"PropertyValueSpecification","valueRequired":true,"valueName":"search_term_string"}}],"inLanguage":"fr-FR"},{"@type":"Organization","@id":"https:\/\/dgv88.fr\/#organization","name":"DGV","url":"https:\/\/dgv88.fr\/","logo":{"@type":"ImageObject","inLanguage":"fr-FR","@id":"https:\/\/dgv88.fr\/#\/schema\/logo\/image\/","url":"https:\/\/dgv88.fr\/wp-content\/uploads\/2020\/11\/DVG-kaushan-blanc-e1605186699727.png","contentUrl":"https:\/\/dgv88.fr\/wp-content\/uploads\/2020\/11\/DVG-kaushan-blanc-e1605186699727.png","width":2376,"height":1787,"caption":"DGV"},"image":{"@id":"https:\/\/dgv88.fr\/#\/schema\/logo\/image\/"},"sameAs":["https:\/\/www.facebook.com\/LesGitesVosgiens\/","https:\/\/www.instagram.com\/destinations_gites_vacances\/"]}]}},"_links":{"self":[{"href":"https:\/\/dgv88.fr\/index.php\/wp-json\/wp\/v2\/pages\/2972","targetHints":{"allow":["GET"]}}],"collection":[{"href":"https:\/\/dgv88.fr\/index.php\/wp-json\/wp\/v2\/pages"}],"about":[{"href":"https:\/\/dgv88.fr\/index.php\/wp-json\/wp\/v2\/types\/page"}],"author":[{"embeddable":true,"href":"https:\/\/dgv88.fr\/index.php\/wp-json\/wp\/v2\/users\/1"}],"replies":[{"embeddable":true,"href":"https:\/\/dgv88.fr\/index.php\/wp-json\/wp\/v2\/comments?post=2972"}],"version-history":[{"count":1,"href":"https:\/\/dgv88.fr\/index.php\/wp-json\/wp\/v2\/pages\/2972\/revisions"}],"predecessor-version":[{"id":34582,"href":"https:\/\/dgv88.fr\/index.php\/wp-json\/wp\/v2\/pages\/2972\/revisions\/34582"}],"wp:attachment":[{"href":"https:\/\/dgv88.fr\/index.php\/wp-json\/wp\/v2\/media?parent=2972"}],"wp:term":[{"taxonomy":"folder","embeddable":true,"href":"https:\/\/dgv88.fr\/index.php\/wp-json\/wp\/v2\/folder?post=2972"}],"curies":[{"name":"wp","href":"https:\/\/api.w.org\/{rel}","templated":true}]}}