{"id":34584,"date":"2025-03-21T14:35:42","date_gmt":"2025-03-21T13:35:42","guid":{"rendered":"https:\/\/dgv88.fr\/?page_id=34584"},"modified":"2025-03-21T14:35:44","modified_gmt":"2025-03-21T13:35:44","slug":"mentions-legales","status":"publish","type":"page","link":"https:\/\/dgv88.fr\/index.php\/mentions-legales\/","title":{"rendered":"Mentions l\u00e9gales"},"content":{"rendered":"\n<p>www.dgv88.fr est un site \u00e9dit\u00e9 par :<\/p>\n\n\n\n<p>DGV<br>Si\u00e8ge social : 32 Chemin du Breuil &#8211; La Bresse<br>Num\u00e9ro SIRET : 83992932000035<br>Num\u00e9ro TVA intracommunautaire : FR57839929320<br>Activit\u00e9 : H\u00e9bergement touristique et autre h\u00e9bergement de courte dur\u00e9e (5520Z)<\/p>\n\n\n\n<h2 class=\"wp-block-heading\">Vous pouvez contacter DGV par :<\/h2>\n\n\n\n<p>E-mail : contact@dgv88.fr<br>T\u00e9l\u00e9phone : +33 6 83 65 17 89<br>Voie postale : 32 Chemin du Breuil &#8211; La Bresse<\/p>\n\n\n\n<h2 class=\"wp-block-heading\">Directeur de la publication :<\/h2>\n\n\n\n<p>Nom et pr\u00e9nom : Hauet Jean-Pierre<br>E-mail : contact@dgv88.fr<br>T\u00e9l\u00e9phone : +33 6 83 65 17 89<\/p>\n\n\n\n<h2 class=\"wp-block-heading\">Le site internet est h\u00e9berg\u00e9 par :<\/h2>\n\n\n\n<p><strong>OVH<\/strong><\/p>\n\n\n\n<p>Si\u00e8ge social :<strong> OVHCLOUD 2 RUE KELLERMANN, 59100 ROUBAIX France<br><\/strong>Siret :<strong>\u00a042476141900045<\/strong><\/p>\n\n\n\n<h2 class=\"wp-block-heading\">Responsabilit\u00e9 :<\/h2>\n\n\n\n<p>DGV d\u00e9cline toute responsabilit\u00e9 quant aux \u00e9ventuels dysfonctionnements pouvant survenir sur le site et entra\u00eener une perte de donn\u00e9es ou une indisponibilit\u00e9 de l\u2019acc\u00e8s aux informations produites sur celui-ci. DGV ne peut garantir l\u2019exhaustivit\u00e9 et la v\u00e9racit\u00e9 des informations pr\u00e9sentes sur le site ainsi que l\u2019absence de modification par un tiers (intrusion, virus). L\u2019internaute est seul responsable de l\u2019utilisation qu\u2019il fait du contenu du site.<\/p>\n\n\n\n<p>Les \u00e9l\u00e9ments pr\u00e9sent\u00e9s sur le site sont susceptibles de modification sans pr\u00e9avis et sont mis \u00e0 la disposition des internautes, sans aucune garantie d\u2019aucune sorte, expresse ou tacite.<\/p>\n\n\n\n<p>La pr\u00e9sence de liens hypertextes pr\u00e9sents sur le site ne cr\u00e9e pas une solidarit\u00e9 de responsabilit\u00e9 entre DGV et les propri\u00e9taires des autres sites, quant au contenu des sites sur lesquels est redirig\u00e9 l\u2019internaute. Seule la responsabilit\u00e9 desdits sites peut \u00eatre engag\u00e9e.<\/p>\n\n\n\n<h2 class=\"wp-block-heading\">Propri\u00e9t\u00e9 intellectuelle<\/h2>\n\n\n\n<p>De mani\u00e8re g\u00e9n\u00e9rale, les donn\u00e9es, les informations, les vid\u00e9os, les textes, les logos, les identit\u00e9s visuelles, les images anim\u00e9es ou non et leurs mises en forme apparaissant sur le site sont la propri\u00e9t\u00e9 de DGV (ou d\u2019une autre entreprise ou personne physique ayant donn\u00e9 son accord \u00e0 DGV pour diffuser ce contenu) et sont prot\u00e9g\u00e9es \u00e0 ce titre par les dispositions du Code de la propri\u00e9t\u00e9 intellectuelle.<\/p>\n\n\n\n<p>Tout internaute s\u2019engage \u00e0 ne pas les utiliser sans l\u2019accord de DGV.<\/p>\n","protected":false},"excerpt":{"rendered":"<p>www.dgv88.fr est un site \u00e9dit\u00e9 par : DGVSi\u00e8ge social : 32 Chemin du Breuil &#8211; La BresseNum\u00e9ro SIRET : 83992932000035Num\u00e9ro TVA intracommunautaire : FR57839929320Activit\u00e9 : H\u00e9bergement touristique et autre h\u00e9bergement de courte dur\u00e9e (5520Z) Vous pouvez contacter DGV par : E-mail : contact@dgv88.frT\u00e9l\u00e9phone : +33 6 83 65 17 89Voie postale : 32 Chemin du Breuil &#8211; La Bresse Directeur de la publication : &#8230;<\/p>\n","protected":false},"author":67,"featured_media":0,"parent":0,"menu_order":0,"comment_status":"closed","ping_status":"closed","template":"page-templates\/terms_conditions.php","meta":{"inline_featured_image":false,"footnotes":""},"folder":[],"class_list":["post-34584","page","type-page","status-publish","hentry"],"yoast_head":"<!-- This site is optimized with the Yoast SEO plugin v26.4 - https:\/\/yoast.com\/wordpress\/plugins\/seo\/ -->\n<title>Mentions l\u00e9gales - DGV<\/title>\n<meta name=\"robots\" content=\"index, follow, max-snippet:-1, max-image-preview:large, max-video-preview:-1\" \/>\n<link rel=\"canonical\" href=\"https:\/\/dgv88.fr\/index.php\/mentions-legales\/\" \/>\n<meta property=\"og:locale\" content=\"fr_FR\" \/>\n<meta property=\"og:type\" content=\"article\" \/>\n<meta property=\"og:title\" content=\"Mentions l\u00e9gales - DGV\" \/>\n<meta property=\"og:description\" content=\"www.dgv88.fr est un site \u00e9dit\u00e9 par : DGVSi\u00e8ge social : 32 Chemin du Breuil &#8211; La BresseNum\u00e9ro SIRET : 83992932000035Num\u00e9ro TVA intracommunautaire : FR57839929320Activit\u00e9 : H\u00e9bergement touristique et autre h\u00e9bergement de courte dur\u00e9e (5520Z) Vous pouvez contacter DGV par : E-mail : contact@dgv88.frT\u00e9l\u00e9phone : +33 6 83 65 17 89Voie postale : 32 Chemin du Breuil &#8211; La Bresse Directeur de la publication : ...\" \/>\n<meta property=\"og:url\" content=\"https:\/\/dgv88.fr\/index.php\/mentions-legales\/\" \/>\n<meta property=\"og:site_name\" content=\"DGV\" \/>\n<meta property=\"article:publisher\" content=\"https:\/\/www.facebook.com\/LesGitesVosgiens\/\" \/>\n<meta property=\"article:modified_time\" content=\"2025-03-21T13:35:44+00:00\" \/>\n<meta property=\"og:image\" content=\"https:\/\/dgv88.fr\/wp-content\/uploads\/2021\/09\/14.1-2.jpg\" \/>\n\t<meta property=\"og:image:width\" content=\"2560\" \/>\n\t<meta property=\"og:image:height\" content=\"1920\" \/>\n\t<meta property=\"og:image:type\" content=\"image\/jpeg\" \/>\n<meta name=\"twitter:card\" content=\"summary_large_image\" \/>\n<meta name=\"twitter:label1\" content=\"Dur\u00e9e de lecture estim\u00e9e\" \/>\n\t<meta name=\"twitter:data1\" content=\"2 minutes\" \/>\n<script type=\"application\/ld+json\" class=\"yoast-schema-graph\">{\"@context\":\"https:\/\/schema.org\",\"@graph\":[{\"@type\":\"WebPage\",\"@id\":\"https:\/\/dgv88.fr\/index.php\/mentions-legales\/\",\"url\":\"https:\/\/dgv88.fr\/index.php\/mentions-legales\/\",\"name\":\"Mentions l\u00e9gales - DGV\",\"isPartOf\":{\"@id\":\"https:\/\/dgv88.fr\/#website\"},\"datePublished\":\"2025-03-21T13:35:42+00:00\",\"dateModified\":\"2025-03-21T13:35:44+00:00\",\"breadcrumb\":{\"@id\":\"https:\/\/dgv88.fr\/index.php\/mentions-legales\/#breadcrumb\"},\"inLanguage\":\"fr-FR\",\"potentialAction\":[{\"@type\":\"ReadAction\",\"target\":[\"https:\/\/dgv88.fr\/index.php\/mentions-legales\/\"]}]},{\"@type\":\"BreadcrumbList\",\"@id\":\"https:\/\/dgv88.fr\/index.php\/mentions-legales\/#breadcrumb\",\"itemListElement\":[{\"@type\":\"ListItem\",\"position\":1,\"name\":\"Accueil\",\"item\":\"https:\/\/dgv88.fr\/\"},{\"@type\":\"ListItem\",\"position\":2,\"name\":\"Mentions l\u00e9gales\"}]},{\"@type\":\"WebSite\",\"@id\":\"https:\/\/dgv88.fr\/#website\",\"url\":\"https:\/\/dgv88.fr\/\",\"name\":\"DGV\",\"description\":\"Destinations G\u00eetes Vacances\",\"publisher\":{\"@id\":\"https:\/\/dgv88.fr\/#organization\"},\"potentialAction\":[{\"@type\":\"SearchAction\",\"target\":{\"@type\":\"EntryPoint\",\"urlTemplate\":\"https:\/\/dgv88.fr\/?s={search_term_string}\"},\"query-input\":{\"@type\":\"PropertyValueSpecification\",\"valueRequired\":true,\"valueName\":\"search_term_string\"}}],\"inLanguage\":\"fr-FR\"},{\"@type\":\"Organization\",\"@id\":\"https:\/\/dgv88.fr\/#organization\",\"name\":\"DGV\",\"url\":\"https:\/\/dgv88.fr\/\",\"logo\":{\"@type\":\"ImageObject\",\"inLanguage\":\"fr-FR\",\"@id\":\"https:\/\/dgv88.fr\/#\/schema\/logo\/image\/\",\"url\":\"https:\/\/dgv88.fr\/wp-content\/uploads\/2020\/11\/DVG-kaushan-blanc-e1605186699727.png\",\"contentUrl\":\"https:\/\/dgv88.fr\/wp-content\/uploads\/2020\/11\/DVG-kaushan-blanc-e1605186699727.png\",\"width\":2376,\"height\":1787,\"caption\":\"DGV\"},\"image\":{\"@id\":\"https:\/\/dgv88.fr\/#\/schema\/logo\/image\/\"},\"sameAs\":[\"https:\/\/www.facebook.com\/LesGitesVosgiens\/\",\"https:\/\/www.instagram.com\/destinations_gites_vacances\/\"]}]}<\/script>\n<!-- \/ Yoast SEO plugin. -->","yoast_head_json":{"title":"Mentions l\u00e9gales - DGV","robots":{"index":"index","follow":"follow","max-snippet":"max-snippet:-1","max-image-preview":"max-image-preview:large","max-video-preview":"max-video-preview:-1"},"canonical":"https:\/\/dgv88.fr\/index.php\/mentions-legales\/","og_locale":"fr_FR","og_type":"article","og_title":"Mentions l\u00e9gales - DGV","og_description":"www.dgv88.fr est un site \u00e9dit\u00e9 par : DGVSi\u00e8ge social : 32 Chemin du Breuil &#8211; La BresseNum\u00e9ro SIRET : 83992932000035Num\u00e9ro TVA intracommunautaire : FR57839929320Activit\u00e9 : H\u00e9bergement touristique et autre h\u00e9bergement de courte dur\u00e9e (5520Z) Vous pouvez contacter DGV par : E-mail : contact@dgv88.frT\u00e9l\u00e9phone : +33 6 83 65 17 89Voie postale : 32 Chemin du Breuil &#8211; La Bresse Directeur de la publication : ...","og_url":"https:\/\/dgv88.fr\/index.php\/mentions-legales\/","og_site_name":"DGV","article_publisher":"https:\/\/www.facebook.com\/LesGitesVosgiens\/","article_modified_time":"2025-03-21T13:35:44+00:00","og_image":[{"width":2560,"height":1920,"url":"https:\/\/dgv88.fr\/wp-content\/uploads\/2021\/09\/14.1-2.jpg","type":"image\/jpeg"}],"twitter_card":"summary_large_image","twitter_misc":{"Dur\u00e9e de lecture estim\u00e9e":"2 minutes"},"schema":{"@context":"https:\/\/schema.org","@graph":[{"@type":"WebPage","@id":"https:\/\/dgv88.fr\/index.php\/mentions-legales\/","url":"https:\/\/dgv88.fr\/index.php\/mentions-legales\/","name":"Mentions l\u00e9gales - DGV","isPartOf":{"@id":"https:\/\/dgv88.fr\/#website"},"datePublished":"2025-03-21T13:35:42+00:00","dateModified":"2025-03-21T13:35:44+00:00","breadcrumb":{"@id":"https:\/\/dgv88.fr\/index.php\/mentions-legales\/#breadcrumb"},"inLanguage":"fr-FR","potentialAction":[{"@type":"ReadAction","target":["https:\/\/dgv88.fr\/index.php\/mentions-legales\/"]}]},{"@type":"BreadcrumbList","@id":"https:\/\/dgv88.fr\/index.php\/mentions-legales\/#breadcrumb","itemListElement":[{"@type":"ListItem","position":1,"name":"Accueil","item":"https:\/\/dgv88.fr\/"},{"@type":"ListItem","position":2,"name":"Mentions l\u00e9gales"}]},{"@type":"WebSite","@id":"https:\/\/dgv88.fr\/#website","url":"https:\/\/dgv88.fr\/","name":"DGV","description":"Destinations G\u00eetes Vacances","publisher":{"@id":"https:\/\/dgv88.fr\/#organization"},"potentialAction":[{"@type":"SearchAction","target":{"@type":"EntryPoint","urlTemplate":"https:\/\/dgv88.fr\/?s={search_term_string}"},"query-input":{"@type":"PropertyValueSpecification","valueRequired":true,"valueName":"search_term_string"}}],"inLanguage":"fr-FR"},{"@type":"Organization","@id":"https:\/\/dgv88.fr\/#organization","name":"DGV","url":"https:\/\/dgv88.fr\/","logo":{"@type":"ImageObject","inLanguage":"fr-FR","@id":"https:\/\/dgv88.fr\/#\/schema\/logo\/image\/","url":"https:\/\/dgv88.fr\/wp-content\/uploads\/2020\/11\/DVG-kaushan-blanc-e1605186699727.png","contentUrl":"https:\/\/dgv88.fr\/wp-content\/uploads\/2020\/11\/DVG-kaushan-blanc-e1605186699727.png","width":2376,"height":1787,"caption":"DGV"},"image":{"@id":"https:\/\/dgv88.fr\/#\/schema\/logo\/image\/"},"sameAs":["https:\/\/www.facebook.com\/LesGitesVosgiens\/","https:\/\/www.instagram.com\/destinations_gites_vacances\/"]}]}},"_links":{"self":[{"href":"https:\/\/dgv88.fr\/index.php\/wp-json\/wp\/v2\/pages\/34584","targetHints":{"allow":["GET"]}}],"collection":[{"href":"https:\/\/dgv88.fr\/index.php\/wp-json\/wp\/v2\/pages"}],"about":[{"href":"https:\/\/dgv88.fr\/index.php\/wp-json\/wp\/v2\/types\/page"}],"author":[{"embeddable":true,"href":"https:\/\/dgv88.fr\/index.php\/wp-json\/wp\/v2\/users\/67"}],"replies":[{"embeddable":true,"href":"https:\/\/dgv88.fr\/index.php\/wp-json\/wp\/v2\/comments?post=34584"}],"version-history":[{"count":1,"href":"https:\/\/dgv88.fr\/index.php\/wp-json\/wp\/v2\/pages\/34584\/revisions"}],"predecessor-version":[{"id":34585,"href":"https:\/\/dgv88.fr\/index.php\/wp-json\/wp\/v2\/pages\/34584\/revisions\/34585"}],"wp:attachment":[{"href":"https:\/\/dgv88.fr\/index.php\/wp-json\/wp\/v2\/media?parent=34584"}],"wp:term":[{"taxonomy":"folder","embeddable":true,"href":"https:\/\/dgv88.fr\/index.php\/wp-json\/wp\/v2\/folder?post=34584"}],"curies":[{"name":"wp","href":"https:\/\/api.w.org\/{rel}","templated":true}]}}